{"id":440,"date":"2016-11-18T13:35:17","date_gmt":"2016-11-18T13:35:17","guid":{"rendered":"http:\/\/2035themes.com\/luxenv2\/?page_id=440"},"modified":"2023-04-01T12:42:47","modified_gmt":"2023-04-01T17:42:47","slug":"modern-home-page","status":"publish","type":"page","link":"https:\/\/lifestyle.groupoktopous.com\/fr\/","title":{"rendered":"Oktopous Home"},"content":{"rendered":"<p>[vc_row full_width=&#8221;stretch_row_content_no_spaces&#8221;][vc_column]<div class=\"luxen-home-slider\">    <ul class=\"owl-carousel owl-home-slider\">      <li>        <div class=\"slider-textbox clearfix\">          <\/div>          <img decoding=\"async\" alt=\"Slider Images\" class=\"img-responsive\" src=\"https:\/\/lifestyle.groupoktopous.com\/wp-content\/uploads\/sites\/2\/2016\/03\/slider11-2.jpg\" \/>        <\/li>      <li>        <div class=\"slider-textbox clearfix\">          <\/div>          <img decoding=\"async\" alt=\"Slider Images\" class=\"img-responsive\" src=\"https:\/\/lifestyle.groupoktopous.com\/wp-content\/uploads\/sites\/2\/2016\/03\/iS1.jpg\" \/>        <\/li>      <li>        <div class=\"slider-textbox clearfix\">         <div class=\"container txttop\">               <div class=\"row\">                   <div class=\"slider-bar pull-left\">BIENVENUE A OKTOPOUS, UN RESEAU D'HOTELS EXCLUSIF<\/div>                   <div class=\"slider-triangle pull-left\"><\/div>               <\/div>           <\/div>            <div class=\"container txtbttm\">                <div class=\"row\">                    <div class=\"slider-bar-under pull-left\">SUPPORT 5 ETOILES                    <\/div>                    <div class=\"slider-triangle-under pull-left\"><\/div>                <\/div>            <\/div>          <\/div>          <img decoding=\"async\" alt=\"Slider Images\" class=\"img-responsive\" src=\"https:\/\/lifestyle.groupoktopous.com\/wp-content\/uploads\/sites\/2\/2016\/03\/iS914059776-2.jpg\" \/>        <\/li>      <\/ul>  <\/div>  <div class=\"bottom-book-slider slider-booking-enable\">      <div class=\"container\">          <div class=\"row pos-center\">              <div class=\"slider-features\">                <ul>                    <li><i class=\"fa fa-thumbs-o-up\"><\/i>RESERVATIONS IMMEDIATES<\/li>                    <li><i class=\"fa fa-globe\"><\/i>SUPPORT 24\/24 & 7\/7<\/li>                    <li><i class=\"fa fa-coffee\"><\/i>CONNECTION WIFI GRATUITE<\/li>                    <li class=\"slider-booking\"><div class=\"slider-booking-form\"><div class=\"awebooking-block awebooking-block--check_form\"><form id=\"awebooking_searchbox_1\" action=\"https:\/\/lifestyle.groupoktopous.com\/fr\/check-available\/\" method=\"GET\" role=\"search\" novalidate data-trp-original-action=\"https:\/\/lifestyle.groupoktopous.com\/fr\/check-available\/\">\n\t<input name=\"hotel\" type=\"hidden\" value=\"\">\n\t<div class=\"searchbox searchbox--horizontal\">\n\t\t<div class=\"searchbox__wrap\">\n\t\t\t<div class=\"searchbox__box searchbox__box--hotel\">\n\t<div class=\"searchbox__box-wrap\">\n\t\t<div class=\"searchbox__box-line\">\n\t\t\t<label class=\"searchbox__box-label\">\n\t\t\t\t<span>Hotel<\/span>\n\t\t\t<\/label>\n\n\t\t\t<div class=\"searchbox__box-input\">\n\t\t\t\t<select name=\"hotel\" class=\"searchbox__input searchbox__input--hotel input-transparent\">\n\t\t\t\t\t\t\t\t\t\t\t<option value=\"1633\" >Imperial Suites - Cabarete<\/option>\n\t\t\t\t\t\t\t\t\t\t\t<option value=\"1141\" >Cap Lim\u00f3n - Samana<\/option>\n\t\t\t\t\t\t\t\t\t\t\t<option value=\"1176\" >The Cliff Villas - Puerto Plata<\/option>\n\t\t\t\t\t\t\t\t\t\t\t<option value=\"1192\" >The Crown Villas - Puerto Plata<\/option>\n\t\t\t\t\t\t\t\t\t\t\t<option value=\"1197\" >The Royal Villas - Puerto Plata<\/option>\n\t\t\t\t\t\t\t\t\t\t\t<option value=\"1201\" >Sunrise Suites &amp; Penthouse - Puerto Plata<\/option>\n\t\t\t\t\t\t\t\t\t\t\t<option value=\"1209\" >The Royal Suites - Puerto Plata<\/option>\n\t\t\t\t\t\t\t\t\t\t\t<option value=\"1213\" >The Crown Suites - Puerto Plata<\/option>\n\t\t\t\t\t\t\t\t\t\t\t<option value=\"1217\" >The Residence Suites - Puerto Plata<\/option>\n\t\t\t\t\t\t\t\t\t\t\t<option value=\"1473\" >Cofresi Palm Beach &amp; Spa Resort - Puerto Plata<\/option>\n\t\t\t\t\t\t\t\t\t\t\t<option value=\"1221\" >The Tropical - Puerto Plata<\/option>\n\t\t\t\t\t\t\t\t\t\t\t<option value=\"1495\" >Villa Park - Puerto Plata<\/option>\n\t\t\t\t\t\t\t\t\t<\/select>\n\t\t\t<\/div>\n\t\t<\/div>\n\t<\/div>\n<\/div>\n<div class=\"searchbox__box searchbox__box--checkin\">\n\t<div class=\"searchbox__box-wrap\">\n\t\t<div class=\"searchbox__box-line\">\n\t\t\t<label class=\"searchbox__box-label\"><span>Check In<\/span><\/label>\n\n\t\t\t<div class=\"searchbox__box-input\">\n\t\t\t\t<input type=\"text\" readonly data-bind=\"value: checkInFormatted()\" class=\"searchbox__input searchbox__input--checkin input-transparent\" placeholder=\"2026-04-15\" autocomplete=\"off\" aria-haspopup=\"true\">\n\t\t\t\t<input type=\"hidden\" data-bind=\"value: checkInDate\" name=\"check_in\" value=\"2026-04-15\">\n\t\t\t<\/div>\n\t\t<\/div>\n\t<\/div>\n<\/div>\n\n<div class=\"searchbox__box searchbox__box--checkout\">\n\t<div class=\"searchbox__box-wrap\">\n\t\t<div class=\"searchbox__box-line\">\n\t\t\t<label class=\"searchbox__box-label\"><span>Check Out<\/span><\/label>\n\n\t\t\t<div class=\"searchbox__box-input\">\n\t\t\t\t<input type=\"text\" readonly data-bind=\"value: checkOutFormatted()\" class=\"searchbox__input searchbox__input--checkout input-transparent\" placeholder=\"2026-04-16\" autocomplete=\"off\" aria-haspopup=\"true\">\n\t\t\t\t<input type=\"hidden\" data-bind=\"value: checkOutDate\" name=\"check_out\" value=\"2026-04-16\">\n\t\t\t<\/div>\n\t\t<\/div>\n\t<\/div>\n<\/div>\n<div class=\"searchbox__box searchbox__box--occupancy\">\n\t<div class=\"searchbox__box-wrap\">\n\t\t<div class=\"searchbox__box-line\">\n\t\t\t<label class=\"searchbox__box-label\">\n\t\t\t\t<span>Customer<\/span>\n\t\t\t<\/label>\n\n\t\t\t<div class=\"searchbox__box-input searchbox-occupancy-info\">\n\t\t\t\t<span class=\"searchbox-occupancy-info__item\">\n\t\t\t\t\t<span class=\"searchbox-occupancy-info__number\" data-bind=\"text: adults\">1<\/span>\n\t\t\t\t\tadult(s)\t\t\t\t<\/span>\n\n\t\t\t\t\t\t\t\t\t<span class=\"searchbox-occupancy-info__item\">\n\t\t\t\t\t\t<span class=\"searchbox-occupancy-info__number\" data-bind=\"text: children\">0<\/span>\n\t\t\t\t\t\tchild(ren)\t\t\t\t\t<\/span>\n\t\t\t\t\n\t\t\t\t\t\t\t\t\t<span class=\"searchbox-occupancy-info__item\">\n\t\t\t\t\t\t<span class=\"searchbox-occupancy-info__number\" data-bind=\"text: infants\">0<\/span>\n\t\t\t\t\t\tinfant(s)\t\t\t\t\t<\/span>\n\t\t\t\t\t\t\t<\/div>\n\t\t<\/div>\n\t<\/div>\n\n\t<div class=\"searchbox__popup\">\n\t\t<div class=\"searchbox__popup-item searchbox__popup-item--adults\">\n\t\t\t<label>\n\t\t\t\t<span>Adults<\/span>\n\t\t\t\t<input type=\"number\" name=\"adults\" data-bind=\"value: adults\" min=\"1\" max=\"6\" value=\"1\" class=\"searchbox__input form-input-transparent\" \/>\n\t\t\t<\/label>\n\t\t<\/div>\n\n\t\t\t\t\t<div class=\"searchbox__popup-item searchbox__popup-item--children\">\n\t\t\t\t<label>\n\t\t\t\t\t<span>Children<\/span>\n\t\t\t\t\t<input type=\"number\" name=\"children\" data-bind=\"value: children\" min=\"0\" max=\"6\" value=\"0\" class=\"searchbox__input form-input-transparent\" \/>\n\t\t\t\t<\/label>\n\t\t\t<\/div>\n\t\t\n\t\t\t\t\t<div class=\"searchbox__popup-item searchbox__popup-item--infants\">\n\t\t\t\t<label>\n\t\t\t\t\t<span>Infants<\/span>\n\t\t\t\t\t<input type=\"number\" data-bind=\"value: infants\" name=\"infants\" min=\"0\" max=\"6\" value=\"0\"  class=\"searchbox__input form-input-transparent\" \/>\n\t\t\t\t<\/label>\n\t\t\t<\/div>\n\t\t\t<\/div>\n<\/div>\n<div class=\"searchbox__box searchbox__box--button\">\n\t<div class=\"searchbox__box-wrap\">\n\t\t<button type=\"submit\" class=\"button button--primary searchbox__submit\">Check Availability<\/button>\n\t<\/div>\n<\/div>\n\t\t<\/div><!-- \/.searchbox__wrapper-->\n\n\t\t\t<\/div><!-- \/.searchbox-->\n<input type=\"hidden\" name=\"trp-form-language\" value=\"fr\"\/><\/form><\/div><\/div><\/li>                <\/ul>              <\/div>          <\/div>      <\/div>  <\/div>[\/vc_column][\/vc_row][vc_row full_width=&#8221;stretch_row&#8221;][vc_column][vc_empty_space height=&#8221;50px&#8221;][vc_column_text]<\/p>\n<p style=\"text-align: center;\"><span class=\"s1\" style=\"color: #808080;\">ABOUT<\/span><\/p>\n<p>[\/vc_column_text][vc_empty_space height=&#8221;15px&#8221;][vc_row_inner css=&#8221;.vc_custom_1479986647437{padding-right: 17% !important;padding-left: 17% !important;}&#8221;][vc_column_inner][vc_custom_heading text=&#8221;OKTOPOUS offers you a wide range of sites, vacation spots and activities highlighting both the beauty and the wealth of the natural and cultural heritage of the places in order to enrich your vacation.&#8221; font_container=&#8221;tag:p|font_size:18px|text_align:center|color:%23333333|line_height:34px&#8221; google_fonts=&#8221;font_family:Playfair%20Display%3Aregular%2Citalic%2C700%2C700italic%2C900%2C900italic|font_style:400%20regular%3A400%3Anormal&#8221;][vc_raw_html]JTNDY2VudGVyJTNFJTNDaDIlMjBzdHlsZSUzRCUyMnRleHQtZGVjb3JhdGlvbiUzQSUyMHVuZGVybGluZSUzQiUyMGRpc3BsYXklM0ElMjBub25lJTNCJTIyJTNFJTIwJTNDYnIlMkYlM0UlM0NhJTIwaHJlZiUzRGh0dHBzJTNBJTJGJTJGbGlmZXN0eWxlLmdyb3Vwb2t0b3BvdXMuY29tJTJGaG90ZWxzJTIwdGFyZ2V0JTNEJTIyX2JsYW5rJTIyJTNFUGxlYXNlJTIwY2xpY2slMjBIRVJFJTIwdG8lMjB2aWV3JTIwYWxsJTIwb3VyJTIwYXZhaWxhYmxlJTIwRGVzdGluYXRpb25zLiUzQyUyRmElM0UlM0MlMkZoMiUzRSUzQyUyRmNlbnRlciUzRQ==[\/vc_raw_html][vc_empty_space height=&#8221;55px&#8221;][\/vc_column_inner][\/vc_row_inner][vc_empty_space height=&#8221;60px&#8221;][\/vc_column][\/vc_row][vc_row][vc_column width=&#8221;1\/3&#8243;][vc_icon icon_fontawesome=&#8221;fa fa-calendar-o&#8221; color=&#8221;custom&#8221; align=&#8221;center&#8221; custom_color=&#8221;#fabd40&#8243;][vc_custom_heading text=&#8221;Booking Management&#8221; font_container=&#8221;tag:h1|font_size:21px|text_align:center|color:%23fbbc2e&#8221; google_fonts=&#8221;font_family:Playfair%20Display%3Aregular%2Citalic%2C700%2C700italic%2C900%2C900italic|font_style:400%20regular%3A400%3Anormal&#8221;][vc_custom_heading text=&#8221;Who We Are&#8221; font_container=&#8221;tag:h2|text_align:center&#8221; google_fonts=&#8221;font_family:Dancing%20Script%3Aregular%2C700|font_style:400%20regular%3A400%3Anormal&#8221;][vc_empty_space height=&#8221;15px&#8221;][vc_column_text]<\/p>\n<p class=\"p1\">The Oktopous is generally associated with network and expansion, with its tentacles representing the dynamic branches. <strong>LIFESTYLE-OKTOPOUS<\/strong> Travel is a team of skilled professionals with expertise in the area of tourism, travel and economics amongst others, who are delighed to use their many skills to take your vacations to the next level.<\/p>\n<p>[\/vc_column_text][\/vc_column][vc_column width=&#8221;1\/3&#8243;][vc_icon icon_fontawesome=&#8221;fa fa-trophy&#8221; color=&#8221;custom&#8221; align=&#8221;center&#8221; custom_color=&#8221;#fabd40&#8243;][vc_custom_heading text=&#8221;Luxury Design&#8221; font_container=&#8221;tag:h1|font_size:21px|text_align:center|color:%23fbbc2e&#8221; google_fonts=&#8221;font_family:Playfair%20Display%3Aregular%2Citalic%2C700%2C700italic%2C900%2C900italic|font_style:400%20regular%3A400%3Anormal&#8221;][vc_custom_heading text=&#8221;What We Offer&#8221; font_container=&#8221;tag:h2|text_align:center&#8221; google_fonts=&#8221;font_family:Dancing%20Script%3Aregular%2C700|font_style:400%20regular%3A400%3Anormal&#8221;][vc_empty_space height=&#8221;15px&#8221;][vc_column_text]<\/p>\n<p class=\"p1\">Le concept de <span class=\"s1\">l\u2019OCTOPUS<\/span> refers to the family of octopods, eight-armed mollusks. Symbol of fertility in the East Asia or wisdom among the Greeks of Antiquity, the octopus fueled the imagination of many civilizations. Just like this versatile creature <b>LIFESTYLE-OKTOPOUS<\/b> wants to immerse you in luxurious travel site beyond your imagination.<\/p>\n<p>[\/vc_column_text][\/vc_column][vc_column width=&#8221;1\/3&#8243;][vc_icon icon_fontawesome=&#8221;fa fa-diamond&#8221; color=&#8221;custom&#8221; align=&#8221;center&#8221; custom_color=&#8221;#fabd40&#8243;][vc_custom_heading text=&#8221;V.I.P. Treatment&#8221; font_container=&#8221;tag:h1|font_size:21px|text_align:center|color:%23fbbc2e&#8221; google_fonts=&#8221;font_family:Playfair%20Display%3Aregular%2Citalic%2C700%2C700italic%2C900%2C900italic|font_style:400%20regular%3A400%3Anormal&#8221;][vc_custom_heading text=&#8221;What To Expect&#8221; font_container=&#8221;tag:h2|text_align:center&#8221; google_fonts=&#8221;font_family:Dancing%20Script%3Aregular%2C700|font_style:400%20regular%3A400%3Anormal&#8221;][vc_empty_space height=&#8221;15px&#8221;][vc_column_text]<\/p>\n<p class=\"p1\">A l\u2019instar de <span class=\"s1\">l\u2019OCTOPUS<\/span>, soleil immerg\u00e9, force dissimul\u00e9e dans le fond des mers, <span class=\"s2\"><b>LIFESTYLE-OKTOPOUS<\/b><\/span> allie \u00e0 la pr\u00e9sence de la mer un m\u00e9lange de nature, de culture, de terre et de mer, d\u2019int\u00e9rieur et d\u2019ext\u00e9rieur\u2026autant d\u2019\u00e9l\u00e9ments mis ensemble pour faire de vos vacances des moments inoubliables.<\/p>\n<p>[\/vc_column_text][\/vc_column][\/vc_row][vc_row][vc_column][vc_empty_space height=&#8221;90px&#8221;][\/vc_column][\/vc_row][vc_row full_width=&#8221;stretch_row&#8221; parallax=&#8221;content-moving&#8221; parallax_image=&#8221;548&#8243;][vc_column][vc_empty_space height=&#8221;105px&#8221;][vc_custom_heading text=&#8221;A CONCEPT DESIGNED FOR YOU&#8221; font_container=&#8221;tag:p|font_size:45px|text_align:center|color:%23ffffff|line_height:55px&#8221; google_fonts=&#8221;font_family:Playfair%20Display%3Aregular%2Citalic%2C700%2C700italic%2C900%2C900italic|font_style:400%20regular%3A400%3Anormal&#8221; link=&#8221;url:https%3A%2F%2Flifestyle.groupoktopous.com%2Fhotels||target:%20_blank|&#8221;][vc_empty_space height=&#8221;105px&#8221;][\/vc_column][\/vc_row][vc_row disable_element=&#8221;yes&#8221;][vc_column][vc_empty_space height=&#8221;45px&#8221;][\/vc_column][\/vc_row][vc_row disable_element=&#8221;yes&#8221;][vc_column width=&#8221;2\/12&#8243;][\/vc_column][vc_column width=&#8221;4\/12&#8243;]<div class=\"testimonials-custom pos-center\">    <div class=\"\">        <div class=\"testimonials-quote\">            <p><\/p>\n<p class=\"p1\"><span class=\"s1\">Duis mollis, est non commodo luctus,<span class=\"Apple-converted-space\">\u00a0 <\/span>por ttitor ligula, eget lacinia odio <\/span><span class=\"s1\">semelit morel<\/span><\/p>\n<p><\/p>    <div class=\"testimonials-star marginb10\"><i class=\"fa fa-star\"><\/i><i class=\"fa fa-star\"><\/i><i class=\"fa fa-star\"><\/i><i class=\"fa fa-star\"><\/i><i class=\"fa fa-star\"><\/i><\/div><div class=\"test-header\">   <div class=\"test-img\"><div class=\"customer-image\"><img decoding=\"async\" class=\"img-circle img-responsive\" src=\"https:\/\/lifestyle.groupoktopous.com\/wp-content\/uploads\/sites\/2\/2016\/03\/team-4.jpg\" alt=\"\"> <\/div>   <\/div>   <div class=\"test-content\">               <h4 >John Doe<\/h4>            <p >CEO<\/p>   <\/div><\/div>        <\/div>    <\/div><\/div>[\/vc_column][vc_column width=&#8221;4\/12&#8243;]<div class=\"testimonials-custom pos-center\">    <div class=\"\">        <div class=\"testimonials-quote\">            <p><\/p>\n<p class=\"p1\"><span class=\"s1\">Duis mollis, est non commodo luctus,<span class=\"Apple-converted-space\">\u00a0 <\/span>por ttitor ligula, eget lacinia odio\u00a0<\/span><span class=\"s1\">semelit morel<\/span><\/p>\n<p><\/p>    <div class=\"testimonials-star marginb10\"><i class=\"fa fa-star\"><\/i><i class=\"fa fa-star\"><\/i><i class=\"fa fa-star\"><\/i><i class=\"fa fa-star\"><\/i><i class=\"fa fa-star\"><\/i><\/div><div class=\"test-header\">   <div class=\"test-img\"><div class=\"customer-image\"><img decoding=\"async\" class=\"img-circle img-responsive\" src=\"https:\/\/lifestyle.groupoktopous.com\/wp-content\/uploads\/sites\/2\/2016\/03\/team-1.jpg\" alt=\"\"> <\/div>   <\/div>   <div class=\"test-content\">               <h4 >John Doe<\/h4>            <p >CEO<\/p>   <\/div><\/div>        <\/div>    <\/div><\/div>[\/vc_column][vc_column width=&#8221;2\/12&#8243;][\/vc_column][\/vc_row][vc_row el_class=&#8221;no-display&#8221;][vc_column][vc_separator][vc_empty_space height=&#8221;55px&#8221;][vc_custom_heading text=&#8221;Our Rooms&#8221; font_container=&#8221;tag:p|font_size:36px|text_align:center|color:%23000000&#8243; google_fonts=&#8221;font_family:Playfair%20Display%3Aregular%2Citalic%2C700%2C700italic%2C900%2C900italic|font_style:400%20regular%3A400%3Anormal&#8221;][vc_empty_space height=&#8221;40px&#8221;][\/vc_column][\/vc_row][vc_row disable_element=&#8221;yes&#8221; el_class=&#8221;no-display&#8221;][vc_column]<div class='col-lg-4 col-s-4'><div class='shortcode-modern-box' style='background:url(https:\/\/lifestyle.groupoktopous.com\/wp-content\/uploads\/sites\/2\/2020\/01\/SUNRISE-TEA-760x400.jpg)'><div class='room-info'><a href='https:\/\/lifestyle.groupoktopous.com\/fr\/accomodations\/2-bedroom-all-ritmo-cancun\/'><h2>2-Bedroom (All Ritmo &#8211; Canc\u00fan)<\/h2><\/a><div class='short-room-price'><span class='price-small-font'>Start from <\/span><span class=\"awebooking-price\"><span class=\"awebooking-price__symbol\">&#36;<\/span><span class=\"awebooking-price__amount\">230<\/span><\/span><span class='price-small-font'>\/night<\/span><\/div><ul class='modern-facilist clearfix'><li><a href='#' data-toggle='tooltip' data-placement='top' data-original-title='Wi-Fi'><i class='fa fa-wifi'><\/i><\/a><\/li><li><a href='#' data-toggle='tooltip' data-placement='top' data-original-title='Shower'><i class='fa fa-shower'><\/i><\/a><\/li><li><a href='#' data-toggle='tooltip' data-placement='top' data-original-title='Sunshine'><i class='fa fa-sun-o'><\/i><\/a><\/li><li><a href='#' data-toggle='tooltip' data-placement='top' data-original-title='Jacuzzi'><i class='fa fa-bath'><\/i><\/a><\/li><li><a href='#' data-toggle='tooltip' data-placement='top' data-original-title='Forest View'><i class='fa fa-pagelines'><\/i><\/a><\/li><li><a href='#' data-toggle='tooltip' data-placement='top' data-original-title='Shop Assistant'><i class='fa fa-shopping-bag'><\/i><\/a><\/li><li><a href='#' data-toggle='tooltip' data-placement='top' data-original-title='Television'><i class='fa fa-television'><\/i><\/a><\/li><\/ul><\/div><\/div><\/div><div class='col-lg-4 col-s-4'><div class='shortcode-modern-box' style='background:url(https:\/\/lifestyle.groupoktopous.com\/wp-content\/uploads\/sites\/2\/2020\/01\/2014-SA-01-760x400.jpg)'><div class='room-info'><a href='https:\/\/lifestyle.groupoktopous.com\/fr\/accomodations\/1-bedroom-all-ritmo-cancun\/'><h2>1-Bedroom (All Ritmo &#8211; Canc\u00fan)<\/h2><\/a><div class='short-room-price'><span class='price-small-font'>Start from <\/span><span class=\"awebooking-price\"><span class=\"awebooking-price__symbol\">&#36;<\/span><span class=\"awebooking-price__amount\">230<\/span><\/span><span class='price-small-font'>\/night<\/span><\/div><ul class='modern-facilist clearfix'><li><a href='#' data-toggle='tooltip' data-placement='top' data-original-title='Wi-Fi'><i class='fa fa-wifi'><\/i><\/a><\/li><li><a href='#' data-toggle='tooltip' data-placement='top' data-original-title='Shower'><i class='fa fa-shower'><\/i><\/a><\/li><li><a href='#' data-toggle='tooltip' data-placement='top' data-original-title='Sunshine'><i class='fa fa-sun-o'><\/i><\/a><\/li><li><a href='#' data-toggle='tooltip' data-placement='top' data-original-title='Jacuzzi'><i class='fa fa-bath'><\/i><\/a><\/li><li><a href='#' data-toggle='tooltip' data-placement='top' data-original-title='Forest View'><i class='fa fa-pagelines'><\/i><\/a><\/li><li><a href='#' data-toggle='tooltip' data-placement='top' data-original-title='Shop Assistant'><i class='fa fa-shopping-bag'><\/i><\/a><\/li><li><a href='#' data-toggle='tooltip' data-placement='top' data-original-title='Television'><i class='fa fa-television'><\/i><\/a><\/li><\/ul><\/div><\/div><\/div><div class='col-lg-4 col-s-4'><div class='shortcode-modern-box' style='background:url(https:\/\/lifestyle.groupoktopous.com\/wp-content\/uploads\/sites\/2\/2020\/01\/ROOM-JR-SUITE-KING-760x400.jpg)'><div class='room-info'><a href='https:\/\/lifestyle.groupoktopous.com\/fr\/accomodations\/junior-suite-all-ritmo-cancun\/'><h2>Junior Suite (All Ritmo &#8211; Canc\u00fan)<\/h2><\/a><div class='short-room-price'><span class='price-small-font'>Start from <\/span><span class=\"awebooking-price\"><span class=\"awebooking-price__symbol\">&#36;<\/span><span class=\"awebooking-price__amount\">230<\/span><\/span><span class='price-small-font'>\/night<\/span><\/div><ul class='modern-facilist clearfix'><li><a href='#' data-toggle='tooltip' data-placement='top' data-original-title='Wi-Fi'><i class='fa fa-wifi'><\/i><\/a><\/li><li><a href='#' data-toggle='tooltip' data-placement='top' data-original-title='Shower'><i class='fa fa-shower'><\/i><\/a><\/li><li><a href='#' data-toggle='tooltip' data-placement='top' data-original-title='Sunshine'><i class='fa fa-sun-o'><\/i><\/a><\/li><li><a href='#' data-toggle='tooltip' data-placement='top' data-original-title='Jacuzzi'><i class='fa fa-bath'><\/i><\/a><\/li><li><a href='#' data-toggle='tooltip' data-placement='top' data-original-title='Forest View'><i class='fa fa-pagelines'><\/i><\/a><\/li><li><a href='#' data-toggle='tooltip' data-placement='top' data-original-title='Shop Assistant'><i class='fa fa-shopping-bag'><\/i><\/a><\/li><li><a href='#' data-toggle='tooltip' data-placement='top' data-original-title='Television'><i class='fa fa-television'><\/i><\/a><\/li><\/ul><\/div><\/div><\/div>[vc_btn title=&#8221;View All&#8221; color=&#8221;black&#8221; size=&#8221;lg&#8221; align=&#8221;center&#8221; link=&#8221;url:https%3A%2F%2Flifestyle.groupoktopous.com%2Faccomodations%2F|title:Our%20Rooms|target:%20_blank|&#8221;][\/vc_column][\/vc_row][vc_row row_full_screen=&#8221;&#8221; row_full_height=&#8221;&#8221; css=&#8221;.vc_custom_1479393388297{padding-right: 14% !important;padding-left: 14% !important;}&#8221;][vc_column][vc_empty_space height=&#8221;60px&#8221;][vc_empty_space height=&#8221;55px&#8221;][vc_row_inner][vc_column_inner][vc_custom_heading text=&#8221;Our Destinations&#8221; font_container=&#8221;tag:p|font_size:36px|text_align:center|color:%23000000&#8243; google_fonts=&#8221;font_family:Playfair%20Display%3Aregular%2Citalic%2C700%2C700italic%2C900%2C900italic|font_style:400%20regular%3A400%3Anormal&#8221;][vc_empty_space height=&#8221;40px&#8221;][vc_basic_grid post_type=&#8221;hotel_location&#8221; max_items=&#8221;&#8221; grid_id=&#8221;vc_gid:1680370851958-85277ddf-706e-1&#8243; el_class=&#8221;no-display&#8221;][vc_masonry_grid post_type=&#8221;hotel_location&#8221; max_items=&#8221;-1&#8243; style=&#8221;load-more&#8221; items_per_page=&#8221;4&#8243; element_width=&#8221;3&#8243; item=&#8221;1755&#8243; btn_color=&#8221;inverse&#8221; btn_size=&#8221;lg&#8221; grid_id=&#8221;vc_gid:1680370851959-00c0fd54-7229-0&#8243;][vc_empty_space height=&#8221;15px&#8221;][\/vc_column_inner][\/vc_row_inner][vc_empty_space height=&#8221;15px&#8221;][vc_single_image image=&#8221;239&#8243; img_size=&#8221;full&#8221; alignment=&#8221;center&#8221; el_class=&#8221;retina-image&#8221;][vc_empty_space height=&#8221;15px&#8221;][vc_separator color=&#8221;custom&#8221; el_width=&#8221;90&#8243; accent_color=&#8221;#f0f0f0&#8243;][vc_empty_space height=&#8221;10px&#8221;]<div class=\"newsletter-form margint30 pos-center\">    <div class=\"newsletter-wrapper\">        <div class=\"pull-left\">          <h1>Enregistrez-vous \u00e0 notre bulletin<\/h1>        <\/div>       <div class=\"pull-left\">           <form action=\"\/\/2035themes.us10.list-manage.com\/subscribe\/post?u=4745a61fa64bbaaa93263f2b8&#038;id=951c4ebba6\" method=\"post\" id=\"mc-embedded-subscribe-form\" name=\"mc-embedded-subscribe-form\" class=\"validate\" target=\"_blank\" novalidate data-trp-original-action=\"\/\/2035themes.us10.list-manage.com\/subscribe\/post?u=4745a61fa64bbaaa93263f2b8&#038;id=951c4ebba6\">             <div id=\"mc_embed_signup_scroll\" class=\"clearfix\">                 <div class=\"mc-field-group newsletter-left\">                     <input type=\"email\" value=\"\" name=\"EMAIL\" placeholder=\"Entrez une adresse de courrier \u00e9lectronique\" class=\"required email\" id=\"mce-EMAIL\">                 <\/div>               <div class=\"mailchimp-rtl\" style=\"position: absolute; left: -5000px;\"><input type=\"text\" name=\"b_4745a61fa64bbaaa93263f2b8_f9bf057104\" tabindex=\"-1\" value=\"\"><\/div>                   <div class=\"newsletter-right\">\n                                          <input type=\"submit\" value=\"SOUSCRIVEZ-VOUS\" name=\"subscribe\" id=\"mc-embedded-subscribe\" class=\"button\">\n                                      <\/div>               <\/div>         <input type=\"hidden\" name=\"trp-form-language\" value=\"fr\"\/><\/form>     <\/div>   <\/div><\/div>[vc_empty_space height=&#8221;20px&#8221;][\/vc_column][\/vc_row]<\/p>","protected":false},"excerpt":{"rendered":"<p>[vc_row full_width=&#8221;stretch_row_content_no_spaces&#8221;][vc_column][\/vc_column][\/vc_row][vc_row full_width=&#8221;stretch_row&#8221;][vc_column][vc_empty_space height=&#8221;50px&#8221;][vc_column_text] ABOUT [\/vc_column_text][vc_empty_space height=&#8221;15px&#8221;][vc_row_inner css=&#8221;.vc_custom_1479986647437{padding-right: 17% !important;padding-left: 17% !important;}&#8221;][vc_column_inner][vc_custom_heading text=&#8221;OKTOPOUS offers [&hellip;]<\/p>","protected":false},"author":1,"featured_media":0,"parent":0,"menu_order":0,"comment_status":"closed","ping_status":"closed","template":"","meta":{"footnotes":""},"class_list":["post-440","page","type-page","status-publish","hentry"],"_links":{"self":[{"href":"https:\/\/lifestyle.groupoktopous.com\/fr\/wp-json\/wp\/v2\/pages\/440","targetHints":{"allow":["GET"]}}],"collection":[{"href":"https:\/\/lifestyle.groupoktopous.com\/fr\/wp-json\/wp\/v2\/pages"}],"about":[{"href":"https:\/\/lifestyle.groupoktopous.com\/fr\/wp-json\/wp\/v2\/types\/page"}],"author":[{"embeddable":true,"href":"https:\/\/lifestyle.groupoktopous.com\/fr\/wp-json\/wp\/v2\/users\/1"}],"replies":[{"embeddable":true,"href":"https:\/\/lifestyle.groupoktopous.com\/fr\/wp-json\/wp\/v2\/comments?post=440"}],"version-history":[{"count":56,"href":"https:\/\/lifestyle.groupoktopous.com\/fr\/wp-json\/wp\/v2\/pages\/440\/revisions"}],"predecessor-version":[{"id":1822,"href":"https:\/\/lifestyle.groupoktopous.com\/fr\/wp-json\/wp\/v2\/pages\/440\/revisions\/1822"}],"wp:attachment":[{"href":"https:\/\/lifestyle.groupoktopous.com\/fr\/wp-json\/wp\/v2\/media?parent=440"}],"curies":[{"name":"wp","href":"https:\/\/api.w.org\/{rel}","templated":true}]}}